{"id":20,"date":"2025-11-17T18:34:35","date_gmt":"2025-11-17T17:34:35","guid":{"rendered":"https:\/\/etudiant16.webuco.fr\/?page_id=20"},"modified":"2025-12-01T18:53:29","modified_gmt":"2025-12-01T17:53:29","slug":"accueil","status":"publish","type":"page","link":"https:\/\/etudiant16.webuco.fr\/","title":{"rendered":"Accueil"},"content":{"rendered":"\n<div class=\"wp-block-cover alignfull wp-duotone-unset-1\" style=\"min-height:741px;aspect-ratio:unset;\"><img loading=\"lazy\" decoding=\"async\" width=\"1024\" height=\"640\" class=\"wp-block-cover__image-background wp-image-111 size-large\" alt=\"\" src=\"https:\/\/etudiant16.webuco.fr\/wp-content\/uploads\/2025\/11\/Restaurant-IL-Giardino_Hotel-Byblos_Saint-Tropez-\u00a9Stephan-Julliard-7-1600x1000.jpg-2-1024x640.webp\" data-object-fit=\"cover\" srcset=\"https:\/\/etudiant16.webuco.fr\/wp-content\/uploads\/2025\/11\/Restaurant-IL-Giardino_Hotel-Byblos_Saint-Tropez-\u00a9Stephan-Julliard-7-1600x1000.jpg-2-1024x640.webp 1024w, https:\/\/etudiant16.webuco.fr\/wp-content\/uploads\/2025\/11\/Restaurant-IL-Giardino_Hotel-Byblos_Saint-Tropez-\u00a9Stephan-Julliard-7-1600x1000.jpg-2-300x188.webp 300w, https:\/\/etudiant16.webuco.fr\/wp-content\/uploads\/2025\/11\/Restaurant-IL-Giardino_Hotel-Byblos_Saint-Tropez-\u00a9Stephan-Julliard-7-1600x1000.jpg-2.webp 1600w\" sizes=\"auto, (max-width: 1024px) 100vw, 1024px\" \/><span aria-hidden=\"true\" class=\"wp-block-cover__background has-primary-background-color has-background-dim-30 has-background-dim\"><\/span><div class=\"wp-block-cover__inner-container is-layout-flow wp-block-cover-is-layout-flow\">\n<h1 class=\"wp-block-heading has-text-align-center has-white-color has-text-color\" style=\"border-radius:0px;margin-top:0;margin-bottom:0;font-size:clamp(28.836px, 1.802rem + ((1vw - 3.2px) * 1.856), 50px);\"><strong>Bienvenue au Restaurant La Belle Assiette<\/strong><\/h1>\n\n\n\n<p class=\"has-text-align-center has-white-color has-text-color has-medium-font-size\">Cuisine authentique, produits frais &amp; ambiance chaleureuse<\/p>\n\n\n\n<div class=\"wp-block-buttons is-content-justification-center is-layout-flex wp-container-core-buttons-is-layout-a89b3969 wp-block-buttons-is-layout-flex\">\n<div class=\"wp-block-button\"><a class=\"wp-block-button__link has-black-color has-white-background-color has-text-color has-background wp-element-button\" href=\"https:\/\/etudiant16.webuco.fr\/index.php\/la-carte\/\">Voir la carte<\/a><\/div>\n\n\n\n<div class=\"wp-block-button\"><a class=\"wp-block-button__link has-black-color has-white-background-color has-text-color has-background wp-element-button\" href=\"https:\/\/etudiant16.webuco.fr\/index.php\/reservations\/\">R\u00e9server une table<\/a><\/div>\n<\/div>\n<\/div><\/div>\n\n\n\n<div class=\"wp-block-group is-layout-flow wp-block-group-is-layout-flow\" style=\"padding-top:60px;padding-bottom:60px\">\n<figure class=\"wp-block-image aligncenter size-large is-resized\"><img loading=\"lazy\" decoding=\"async\" width=\"669\" height=\"836\" src=\"https:\/\/etudiant16.webuco.fr\/wp-content\/uploads\/2025\/11\/soleilllll-edited.png\" alt=\"\" class=\"wp-image-151\" style=\"aspect-ratio:1;object-fit:cover;width:200px;height:auto\" srcset=\"https:\/\/etudiant16.webuco.fr\/wp-content\/uploads\/2025\/11\/soleilllll-edited.png 669w, https:\/\/etudiant16.webuco.fr\/wp-content\/uploads\/2025\/11\/soleilllll-edited-240x300.png 240w\" sizes=\"auto, (max-width: 669px) 100vw, 669px\" \/><\/figure>\n\n\n\n<h2 class=\"wp-block-heading has-text-align-center\">Notre Histoire<\/h2>\n\n\n\n<p class=\"has-text-align-center\">Depuis plus de 15 ans, notre \u00e9quipe pr\u00e9pare chaque jour des plats faits maison avec des produits locaux s\u00e9lectionn\u00e9s avec soin. Nous mettons un point d\u2019honneur \u00e0 proposer une cuisine g\u00e9n\u00e9reuse, authentique et pleine de saveurs.<\/p>\n<\/div>\n\n\n\n<div class=\"wp-block-columns alignwide is-layout-flex wp-container-core-columns-is-layout-28f84493 wp-block-columns-is-layout-flex\">\n<div class=\"wp-block-column is-layout-flow wp-block-column-is-layout-flow\">\n<figure class=\"wp-block-image size-large is-resized\"><img loading=\"lazy\" decoding=\"async\" width=\"768\" height=\"1024\" src=\"https:\/\/etudiant16.webuco.fr\/wp-content\/uploads\/2025\/11\/77dfcc3b5835f64acf11a1237395b183-768x1024.jpg\" alt=\"\" class=\"wp-image-138\" style=\"object-fit:cover;width:400px;height:500px\" srcset=\"https:\/\/etudiant16.webuco.fr\/wp-content\/uploads\/2025\/11\/77dfcc3b5835f64acf11a1237395b183-768x1024.jpg 768w, https:\/\/etudiant16.webuco.fr\/wp-content\/uploads\/2025\/11\/77dfcc3b5835f64acf11a1237395b183-225x300.jpg 225w, https:\/\/etudiant16.webuco.fr\/wp-content\/uploads\/2025\/11\/77dfcc3b5835f64acf11a1237395b183.jpg 900w\" sizes=\"auto, (max-width: 768px) 100vw, 768px\" \/><\/figure>\n\n\n\n<h3 class=\"wp-block-heading has-text-color has-link-color wp-elements-367de94dee9474583ef62ea8dd1b9e7f\" style=\"color:#ff751f\">Produits frais<\/h3>\n\n\n\n<p>Nos plats changent au rythme des saisons et des arrivages de nos producteurs partenaires.<\/p>\n<\/div>\n\n\n\n<div class=\"wp-block-column is-layout-flow wp-block-column-is-layout-flow\">\n<figure class=\"wp-block-image size-full is-resized\"><img loading=\"lazy\" decoding=\"async\" width=\"667\" height=\"1000\" src=\"https:\/\/etudiant16.webuco.fr\/wp-content\/uploads\/2025\/11\/563037cfffd939ea6a53366476ffbddc.jpg\" alt=\"\" class=\"wp-image-140\" style=\"object-fit:cover;width:400px;height:500px\" srcset=\"https:\/\/etudiant16.webuco.fr\/wp-content\/uploads\/2025\/11\/563037cfffd939ea6a53366476ffbddc.jpg 667w, https:\/\/etudiant16.webuco.fr\/wp-content\/uploads\/2025\/11\/563037cfffd939ea6a53366476ffbddc-200x300.jpg 200w\" sizes=\"auto, (max-width: 667px) 100vw, 667px\" \/><\/figure>\n\n\n\n<h3 class=\"wp-block-heading has-text-color has-link-color wp-elements-069f906d73638db448fa2cb89e4d03a4\" style=\"color:#ff751f\">Ambiance chaleureuse<\/h3>\n\n\n\n<p>Un cadre moderne, \u00e9l\u00e9gant et convivial, id\u00e9al pour partager un moment en famille ou entre amis.<\/p>\n\n\n\n<div class=\"wp-block-buttons is-content-justification-center is-layout-flex wp-container-core-buttons-is-layout-a89b3969 wp-block-buttons-is-layout-flex\">\n<div class=\"wp-block-button\"><a class=\"wp-block-button__link wp-element-button\" href=\"https:\/\/etudiant16.webuco.fr\/index.php\/notre-histoire\/\">En savoir plus<\/a><\/div>\n<\/div>\n<\/div>\n\n\n\n<div class=\"wp-block-column is-layout-flow wp-block-column-is-layout-flow\">\n<figure class=\"wp-block-image size-large\"><img loading=\"lazy\" decoding=\"async\" width=\"819\" height=\"1024\" src=\"https:\/\/etudiant16.webuco.fr\/wp-content\/uploads\/2025\/11\/d7ffadb4043c8af0f58f20c8631e3bb8-819x1024.jpg\" alt=\"\" class=\"wp-image-141\" style=\"object-fit:cover\" srcset=\"https:\/\/etudiant16.webuco.fr\/wp-content\/uploads\/2025\/11\/d7ffadb4043c8af0f58f20c8631e3bb8-819x1024.jpg 819w, https:\/\/etudiant16.webuco.fr\/wp-content\/uploads\/2025\/11\/d7ffadb4043c8af0f58f20c8631e3bb8-240x300.jpg 240w, https:\/\/etudiant16.webuco.fr\/wp-content\/uploads\/2025\/11\/d7ffadb4043c8af0f58f20c8631e3bb8.jpg 1080w\" sizes=\"auto, (max-width: 819px) 100vw, 819px\" \/><\/figure>\n\n\n\n<h3 class=\"wp-block-heading has-text-color has-link-color wp-elements-63c311816398a9dcff1419c3028653bc\" style=\"color:#ff751f\">\u00c9quipe passionn\u00e9e<\/h3>\n\n\n\n<p>Une brigade exp\u00e9riment\u00e9e qui place la passion de la gastronomie au c\u0153ur de chaque assiette.<\/p>\n<\/div>\n<\/div>\n\n\n\n<hr class=\"wp-block-separator has-alpha-channel-opacity\"\/>\n\n\n\n<div class=\"wp-block-group alignfull has-white-color has-white-background-color has-text-color has-background is-layout-flow wp-block-group-is-layout-flow\" style=\"padding-top:80px;padding-bottom:80px\">\n<h2 class=\"wp-block-heading has-text-align-center has-foreground-color has-text-color has-link-color wp-elements-77a822eecf92d00ac21f0943a7080c5d\">R\u00e9server une table<\/h2>\n\n\n\n<p class=\"has-text-align-center has-foreground-color has-text-color has-link-color wp-elements-42611190cec5adb230d97233235ecdb8\">01 23 45 67 89<\/p>\n\n\n\n<p class=\"has-text-align-center has-foreground-color has-text-color has-link-color wp-elements-13c634ca5fe3935e97d84c3f4b8bb47c\">45 Rue des Saveurs, Nice<\/p>\n\n\n\n<div class=\"wp-block-buttons is-content-justification-center is-layout-flex wp-container-core-buttons-is-layout-a89b3969 wp-block-buttons-is-layout-flex\">\n<div class=\"wp-block-button is-style-fill\"><a class=\"wp-block-button__link has-white-color has-text-color has-background wp-element-button\" href=\"https:\/\/etudiant16.webuco.fr\/index.php\/reservations\/\" style=\"background-color:#ff8a41;padding-top:var(--wp--preset--spacing--x-small);padding-right:var(--wp--preset--spacing--x-large);padding-bottom:var(--wp--preset--spacing--x-small);padding-left:var(--wp--preset--spacing--x-large)\">R\u00e9server maintenant<\/a><\/div>\n<\/div>\n<\/div>\n\n\n\n<p><\/p>\n","protected":false},"excerpt":{"rendered":"<p>Notre Histoire Depuis plus de 15 ans, notre \u00e9quipe pr\u00e9pare chaque jour des plats faits maison avec des produits locaux s\u00e9lectionn\u00e9s avec soin. Nous mettons un point d\u2019honneur \u00e0 proposer une cuisine g\u00e9n\u00e9reuse, authentique et pleine de saveurs. Produits frais Nos plats changent au rythme des saisons et des arrivages de nos producteurs partenaires. Ambiance &hellip; <\/p>\n<p class=\"link-more\"><a href=\"https:\/\/etudiant16.webuco.fr\/\" class=\"more-link\">Read more<span class=\"screen-reader-text\"> &#8220;Accueil&#8221;<\/span><\/a><\/p>\n","protected":false},"author":1,"featured_media":72,"parent":0,"menu_order":0,"comment_status":"closed","ping_status":"closed","template":"","meta":{"footnotes":""},"class_list":["post-20","page","type-page","status-publish","has-post-thumbnail","hentry"],"_links":{"self":[{"href":"https:\/\/etudiant16.webuco.fr\/index.php\/wp-json\/wp\/v2\/pages\/20","targetHints":{"allow":["GET"]}}],"collection":[{"href":"https:\/\/etudiant16.webuco.fr\/index.php\/wp-json\/wp\/v2\/pages"}],"about":[{"href":"https:\/\/etudiant16.webuco.fr\/index.php\/wp-json\/wp\/v2\/types\/page"}],"author":[{"embeddable":true,"href":"https:\/\/etudiant16.webuco.fr\/index.php\/wp-json\/wp\/v2\/users\/1"}],"replies":[{"embeddable":true,"href":"https:\/\/etudiant16.webuco.fr\/index.php\/wp-json\/wp\/v2\/comments?post=20"}],"version-history":[{"count":32,"href":"https:\/\/etudiant16.webuco.fr\/index.php\/wp-json\/wp\/v2\/pages\/20\/revisions"}],"predecessor-version":[{"id":211,"href":"https:\/\/etudiant16.webuco.fr\/index.php\/wp-json\/wp\/v2\/pages\/20\/revisions\/211"}],"wp:featuredmedia":[{"embeddable":true,"href":"https:\/\/etudiant16.webuco.fr\/index.php\/wp-json\/wp\/v2\/media\/72"}],"wp:attachment":[{"href":"https:\/\/etudiant16.webuco.fr\/index.php\/wp-json\/wp\/v2\/media?parent=20"}],"curies":[{"name":"wp","href":"https:\/\/api.w.org\/{rel}","templated":true}]}}