{"id":169,"date":"2025-11-19T12:46:15","date_gmt":"2025-11-19T11:46:15","guid":{"rendered":"https:\/\/etudiant16.webuco.fr\/?page_id=169"},"modified":"2025-11-19T14:53:03","modified_gmt":"2025-11-19T13:53:03","slug":"notre-histoire","status":"publish","type":"page","link":"https:\/\/etudiant16.webuco.fr\/index.php\/notre-histoire\/","title":{"rendered":"Notre histoire"},"content":{"rendered":"\n<figure class=\"wp-block-video alignfull\"><video height=\"2160\" style=\"aspect-ratio: 4096 \/ 2160;\" width=\"4096\" autoplay loop muted src=\"https:\/\/etudiant16.webuco.fr\/wp-content\/uploads\/2025\/11\/saumon-1.mp4\" playsinline><\/video><\/figure>\n\n\n\n<div class=\"wp-block-group alignfull is-layout-flow wp-block-group-is-layout-flow\" style=\"padding-top:60px;padding-right:20px;padding-bottom:60px;padding-left:20px\">\n<figure class=\"wp-block-image aligncenter size-large is-resized\"><img loading=\"lazy\" decoding=\"async\" width=\"692\" height=\"865\" src=\"https:\/\/etudiant16.webuco.fr\/wp-content\/uploads\/2025\/11\/soleilllll-1-edited.png\" alt=\"\" class=\"wp-image-180\" style=\"object-fit:cover;width:200px;height:200px\" srcset=\"https:\/\/etudiant16.webuco.fr\/wp-content\/uploads\/2025\/11\/soleilllll-1-edited.png 692w, https:\/\/etudiant16.webuco.fr\/wp-content\/uploads\/2025\/11\/soleilllll-1-edited-240x300.png 240w\" sizes=\"auto, (max-width: 692px) 100vw, 692px\" \/><\/figure>\n\n\n\n<h1 class=\"wp-block-heading has-text-align-center\" style=\"font-size:clamp(27.894px, 1.743rem + ((1vw - 3.2px) * 1.764), 48px);font-style:normal;font-weight:700\">Notre histoire<\/h1>\n\n\n\n<p class=\"has-text-align-center has-large-font-size\">\n        Bienvenue \u00e0 <strong>La Belle Assiette<\/strong>, un lieu o\u00f9 la passion de la cuisine rencontre l\u2019amour des bons produits. Depuis nos d\u00e9buts, nous avons toujours souhait\u00e9 offrir une exp\u00e9rience authentique, chaleureuse et savoureuse.\n    <\/p>\n<\/div>\n\n\n<p><!-- SECTION 1 --><\/p>\n\n\n<hr class=\"wp-block-separator has-alpha-channel-opacity\"\/>\n\n\n\n<div class=\"wp-block-group is-layout-flow wp-block-group-is-layout-flow\" style=\"margin-top:40px\">\n<figure class=\"wp-block-image size-large is-resized\"><img loading=\"lazy\" decoding=\"async\" width=\"582\" height=\"728\" src=\"https:\/\/etudiant16.webuco.fr\/wp-content\/uploads\/2025\/11\/5-edited.png\" alt=\"\" class=\"wp-image-192\" style=\"aspect-ratio:1;object-fit:cover;width:169px;height:auto\" srcset=\"https:\/\/etudiant16.webuco.fr\/wp-content\/uploads\/2025\/11\/5-edited.png 582w, https:\/\/etudiant16.webuco.fr\/wp-content\/uploads\/2025\/11\/5-edited-240x300.png 240w\" sizes=\"auto, (max-width: 582px) 100vw, 582px\" \/><\/figure>\n\n\n\n<h2 class=\"wp-block-heading\">Nos d\u00e9buts<\/h2>\n\n\n\n<p>\n        L\u2019aventure commence avec une envie simple : cr\u00e9er un restaurant o\u00f9 l\u2019on se sent comme \u00e0 la maison, tout en d\u00e9gustant des plats travaill\u00e9s avec soin et inspir\u00e9s de notre h\u00e9ritage culinaire. Ce r\u00eave s\u2019est peu \u00e0 peu transform\u00e9 en un lieu chaleureux o\u00f9 se m\u00ealent convivialit\u00e9 et passion.\n    <\/p>\n<\/div>\n\n\n<p><!-- SECTION 2 --><\/p>\n\n\n<div class=\"wp-block-group is-layout-flow wp-block-group-is-layout-flow\" style=\"margin-top:40px\">\n<h2 class=\"wp-block-heading\">Notre philosophie<\/h2>\n\n\n\n<p>\n        Chaque assiette est pens\u00e9e pour r\u00e9v\u00e9ler le go\u00fbt, la saisonnalit\u00e9 et la simplicit\u00e9. Nous collaborons avec des producteurs locaux passionn\u00e9s et nous mettons un point d\u2019honneur \u00e0 s\u00e9lectionner des ingr\u00e9dients frais, respectueux du terroir et de l\u2019environnement.\n    <\/p>\n<\/div>\n\n\n<p><!-- SECTION 3 --><\/p>\n\n\n<div class=\"wp-block-group is-layout-flow wp-block-group-is-layout-flow\" style=\"margin-top:40px;margin-bottom:60px\">\n<h2 class=\"wp-block-heading\">Une histoire qui continue\u2026<\/h2>\n\n\n\n<p><br>        Gr\u00e2ce \u00e0 vous, notre histoire continue de s\u2019\u00e9crire chaque jour. <strong>La Belle Assiette<\/strong> est aujourd\u2019hui un lieu d\u2019\u00e9changes, de partage et de d\u00e9couvertes culinaires. Votre confiance nous pousse \u00e0 nous renouveler constamment et \u00e0 proposer des exp\u00e9riences toujours plus authentiques.<br>    <\/p>\n<\/div>\n\n\n\n<p><\/p>\n","protected":false},"excerpt":{"rendered":"<p>Notre histoire Bienvenue \u00e0 La Belle Assiette, un lieu o\u00f9 la passion de la cuisine rencontre l\u2019amour des bons produits. Depuis nos d\u00e9buts, nous avons toujours souhait\u00e9 offrir une exp\u00e9rience authentique, chaleureuse et savoureuse. Nos d\u00e9buts L\u2019aventure commence avec une envie simple : cr\u00e9er un restaurant o\u00f9 l\u2019on se sent comme \u00e0 la maison, tout &hellip; <\/p>\n<p class=\"link-more\"><a href=\"https:\/\/etudiant16.webuco.fr\/index.php\/notre-histoire\/\" class=\"more-link\">Read more<span class=\"screen-reader-text\"> &#8220;Notre histoire&#8221;<\/span><\/a><\/p>\n","protected":false},"author":1,"featured_media":0,"parent":0,"menu_order":0,"comment_status":"closed","ping_status":"closed","template":"","meta":{"footnotes":""},"class_list":["post-169","page","type-page","status-publish","hentry"],"_links":{"self":[{"href":"https:\/\/etudiant16.webuco.fr\/index.php\/wp-json\/wp\/v2\/pages\/169","targetHints":{"allow":["GET"]}}],"collection":[{"href":"https:\/\/etudiant16.webuco.fr\/index.php\/wp-json\/wp\/v2\/pages"}],"about":[{"href":"https:\/\/etudiant16.webuco.fr\/index.php\/wp-json\/wp\/v2\/types\/page"}],"author":[{"embeddable":true,"href":"https:\/\/etudiant16.webuco.fr\/index.php\/wp-json\/wp\/v2\/users\/1"}],"replies":[{"embeddable":true,"href":"https:\/\/etudiant16.webuco.fr\/index.php\/wp-json\/wp\/v2\/comments?post=169"}],"version-history":[{"count":11,"href":"https:\/\/etudiant16.webuco.fr\/index.php\/wp-json\/wp\/v2\/pages\/169\/revisions"}],"predecessor-version":[{"id":200,"href":"https:\/\/etudiant16.webuco.fr\/index.php\/wp-json\/wp\/v2\/pages\/169\/revisions\/200"}],"wp:attachment":[{"href":"https:\/\/etudiant16.webuco.fr\/index.php\/wp-json\/wp\/v2\/media?parent=169"}],"curies":[{"name":"wp","href":"https:\/\/api.w.org\/{rel}","templated":true}]}}