{"id":12,"date":"2025-11-17T18:24:20","date_gmt":"2025-11-17T17:24:20","guid":{"rendered":"https:\/\/etudiant16.webuco.fr\/?page_id=12"},"modified":"2025-11-18T21:41:41","modified_gmt":"2025-11-18T20:41:41","slug":"la-carte","status":"publish","type":"page","link":"https:\/\/etudiant16.webuco.fr\/index.php\/la-carte\/","title":{"rendered":"La Carte"},"content":{"rendered":"\n<figure class=\"wp-block-image aligncenter size-large is-resized\"><img loading=\"lazy\" decoding=\"async\" width=\"819\" height=\"1024\" src=\"https:\/\/etudiant16.webuco.fr\/wp-content\/uploads\/2025\/11\/1-819x1024.png\" alt=\"\" class=\"wp-image-130\" style=\"object-fit:cover;width:300px;height:200px\" srcset=\"https:\/\/etudiant16.webuco.fr\/wp-content\/uploads\/2025\/11\/1-819x1024.png 819w, https:\/\/etudiant16.webuco.fr\/wp-content\/uploads\/2025\/11\/1-240x300.png 240w, https:\/\/etudiant16.webuco.fr\/wp-content\/uploads\/2025\/11\/1.png 1080w\" sizes=\"auto, (max-width: 819px) 100vw, 819px\" \/><\/figure>\n\n\n\n<h1 class=\"wp-block-heading has-text-align-center\">La Carte \u2014 Restaurant La Belle Assiette<\/h1>\n\n\n\n<p class=\"has-text-align-center\">Produits locaux, recettes maison \u2014 d\u00e9couvrez notre menu.<\/p>\n\n\n\n<p><\/p>\n\n\n\n<hr class=\"wp-block-separator has-alpha-channel-opacity is-style-wide\"\/>\n\n\n\n<div class=\"wp-block-group is-layout-flow wp-block-group-is-layout-flow\" style=\"padding-top:30px;padding-bottom:30px\">\n<h2 class=\"wp-block-heading has-text-color has-link-color wp-elements-5853a2b387476b0e7b823fb079b78077\" style=\"color:#ff751f\">Nos Entr\u00e9es<\/h2>\n\n\n\n<div class=\"wp-block-columns is-layout-flex wp-container-core-columns-is-layout-28f84493 wp-block-columns-is-layout-flex\">\n<div class=\"wp-block-column is-layout-flow wp-block-column-is-layout-flow\">\n<div class=\"wp-block-group has-cotton-background-color has-background is-layout-flow wp-block-group-is-layout-flow\" style=\"border-radius:10px;padding-top:16px;padding-right:16px;padding-bottom:16px;padding-left:16px\">\n<h3 class=\"wp-block-heading\">Salade C\u00e9sar <span style=\"font-weight:400\">\u00b7 8 \u20ac<\/span><\/h3>\n\n\n\n<p>Coeur de romaine, cro\u00fbtons maison, parmesan, sauce c\u00e9sar maison. <em>(V\u00e9g\u00e9tarien possible)<\/em><\/p>\n<\/div>\n<\/div>\n\n\n\n<div class=\"wp-block-column is-layout-flow wp-block-column-is-layout-flow\">\n<div class=\"wp-block-group has-cotton-background-color has-background is-layout-flow wp-block-group-is-layout-flow\" style=\"border-radius:10px;padding-top:16px;padding-right:16px;padding-bottom:16px;padding-left:16px\">\n<h3 class=\"wp-block-heading\">Tartare de Tomate &amp; Burrata <span style=\"font-weight:400\">\u00b7 10 \u20ac<\/span><\/h3>\n\n\n\n<p>Tomates confites, huile basilic, burrata cr\u00e9meuse. <small>Sans gluten possible<\/small><\/p>\n<\/div>\n<\/div>\n\n\n\n<div class=\"wp-block-column is-layout-flow wp-block-column-is-layout-flow\">\n<div class=\"wp-block-group has-cotton-background-color has-background is-layout-flow wp-block-group-is-layout-flow\" style=\"border-radius:10px;padding-top:16px;padding-right:16px;padding-bottom:16px;padding-left:16px\">\n<h3 class=\"wp-block-heading\">Soupe du Jour <span style=\"font-weight:400\">\u00b7 6 \u20ac<\/span><\/h3>\n\n\n\n<p>Pr\u00e9par\u00e9e avec les l\u00e9gumes de saison. <small>Demandez les allerg\u00e8nes<\/small><\/p>\n<\/div>\n<\/div>\n<\/div>\n<\/div>\n\n\n\n<hr class=\"wp-block-separator has-css-opacity\"\/>\n\n\n\n<div class=\"wp-block-group is-layout-flow wp-block-group-is-layout-flow\" style=\"padding-top:30px;padding-bottom:30px\">\n<h2 class=\"wp-block-heading has-text-color has-link-color wp-elements-a9331486bc6be62a51ab8630a47cae23\" style=\"color:#ff751f\">Plats<\/h2>\n\n\n\n<div class=\"wp-block-columns is-layout-flex wp-container-core-columns-is-layout-28f84493 wp-block-columns-is-layout-flex\">\n<div class=\"wp-block-column is-layout-flow wp-block-column-is-layout-flow\" style=\"flex-basis:33%\">\n<div class=\"wp-block-group has-light-gray-background-color has-background is-layout-flow wp-block-group-is-layout-flow\" style=\"border-radius:10px;padding-top:18px;padding-right:18px;padding-bottom:18px;padding-left:18px\">\n<h3 class=\"wp-block-heading\">Pav\u00e9 de Saumon <span style=\"font-weight:400\">\u00b7 18 \u20ac<\/span><\/h3>\n\n\n\n<p>Saumon grill\u00e9, pur\u00e9e maison, l\u00e9gumes r\u00f4tis. <small>Poisson<\/small><\/p>\n<\/div>\n<\/div>\n\n\n\n<div class=\"wp-block-column is-layout-flow wp-block-column-is-layout-flow\" style=\"flex-basis:33%\">\n<div class=\"wp-block-group has-light-gray-background-color has-background is-layout-flow wp-block-group-is-layout-flow\" style=\"border-radius:10px;padding-top:18px;padding-right:18px;padding-bottom:18px;padding-left:18px\">\n<h3 class=\"wp-block-heading\">Risotto Champignons &amp; Parmesan <span style=\"font-weight:400\">\u00b7 16 \u20ac<\/span><\/h3>\n\n\n\n<p>Risotto cr\u00e9meux, champignons sauvages, copeaux de parmesan. <small>V\u00e9g\u00e9tarien<\/small><\/p>\n<\/div>\n<\/div>\n\n\n\n<div class=\"wp-block-column is-layout-flow wp-block-column-is-layout-flow\" style=\"flex-basis:33%\">\n<div class=\"wp-block-group has-light-gray-background-color has-background is-layout-flow wp-block-group-is-layout-flow\" style=\"border-radius:10px;padding-top:18px;padding-right:18px;padding-bottom:18px;padding-left:18px\">\n<h3 class=\"wp-block-heading\">Entrec\u00f4te (250g) <span style=\"font-weight:400\">\u00b7 22 \u20ac<\/span><\/h3>\n\n\n\n<p>Frites maison, sauce b\u00e9arnaise. <small>Viande<\/small><\/p>\n<\/div>\n<\/div>\n<\/div>\n<\/div>\n\n\n\n<hr class=\"wp-block-separator has-css-opacity\"\/>\n\n\n\n<div class=\"wp-block-group is-layout-flow wp-block-group-is-layout-flow\" style=\"padding-top:30px;padding-bottom:30px\">\n<h2 class=\"wp-block-heading has-text-color has-link-color wp-elements-a598e74ec8a886f8064686a666af411f\" style=\"color:#ff751f\">Desserts &amp; Petits Plaisirs<\/h2>\n\n\n\n<div class=\"wp-block-columns is-layout-flex wp-container-core-columns-is-layout-28f84493 wp-block-columns-is-layout-flex\">\n<div class=\"wp-block-column is-layout-flow wp-block-column-is-layout-flow\">\n<div class=\"wp-block-group has-cotton-background-color has-background is-layout-flow wp-block-group-is-layout-flow\" style=\"border-radius:8px;padding-top:14px;padding-right:14px;padding-bottom:14px;padding-left:14px\">\n<h4 class=\"wp-block-heading\">Tiramisu Maison <span style=\"font-weight:400\">\u00b7 7 \u20ac<\/span><\/h4>\n\n\n\n<p>Caf\u00e9, mascarpone et biscuits imbib\u00e9s \u2014 recette de la maison.<\/p>\n<\/div>\n<\/div>\n\n\n\n<div class=\"wp-block-column is-layout-flow wp-block-column-is-layout-flow\">\n<div class=\"wp-block-group has-cotton-background-color has-background is-layout-flow wp-block-group-is-layout-flow\" style=\"border-radius:8px;padding-top:14px;padding-right:14px;padding-bottom:14px;padding-left:14px\">\n<h4 class=\"wp-block-heading\">Cr\u00e8me Br\u00fbl\u00e9e <span style=\"font-weight:400\">\u00b7 7 \u20ac<\/span><\/h4>\n\n\n\n<p>Vanille bourbon, caramel croquant.<\/p>\n<\/div>\n<\/div>\n\n\n\n<div class=\"wp-block-column is-layout-flow wp-block-column-is-layout-flow\">\n<div class=\"wp-block-group has-cotton-background-color has-background is-layout-flow wp-block-group-is-layout-flow\" style=\"border-radius:8px;padding-top:14px;padding-right:14px;padding-bottom:14px;padding-left:14px\">\n<h4 class=\"wp-block-heading\">Sorbet du Jour <span style=\"font-weight:400\">\u00b7 6 \u20ac<\/span><\/h4>\n\n\n\n<p>Parfait pour terminer en l\u00e9g\u00e8ret\u00e9. Vegan possible.<\/p>\n<\/div>\n<\/div>\n<\/div>\n<\/div>\n\n\n\n<hr class=\"wp-block-separator has-css-opacity\"\/>\n\n\n\n<div class=\"wp-block-group is-layout-flow wp-block-group-is-layout-flow\" style=\"padding-top:24px;padding-bottom:24px\">\n<h3 class=\"wp-block-heading has-text-align-center\">Allerg\u00e8nes &amp; Informations<\/h3>\n\n\n\n<p class=\"has-text-align-center\">Signes : <strong>V<\/strong> v\u00e9g\u00e9tarien \u2014 <strong>VG<\/strong> vegan \u2014 <strong>GF<\/strong> sans gluten \u2014 <strong>~<\/strong> contient des fruits \u00e0 coque<\/p>\n\n\n\n<p class=\"has-text-align-center\">Si vous avez une allergie : informez notre \u00e9quipe \u00e0 l&#8217;arriv\u00e9e.<\/p>\n<\/div>\n\n\n\n<p><\/p>\n","protected":false},"excerpt":{"rendered":"<p>La Carte \u2014 Restaurant La Belle Assiette Produits locaux, recettes maison \u2014 d\u00e9couvrez notre menu. Nos Entr\u00e9es Salade C\u00e9sar \u00b7 8 \u20ac Coeur de romaine, cro\u00fbtons maison, parmesan, sauce c\u00e9sar maison. (V\u00e9g\u00e9tarien possible) Tartare de Tomate &amp; Burrata \u00b7 10 \u20ac Tomates confites, huile basilic, burrata cr\u00e9meuse. Sans gluten possible Soupe du Jour \u00b7 6 &hellip; <\/p>\n<p class=\"link-more\"><a href=\"https:\/\/etudiant16.webuco.fr\/index.php\/la-carte\/\" class=\"more-link\">Read more<span class=\"screen-reader-text\"> &#8220;La Carte&#8221;<\/span><\/a><\/p>\n","protected":false},"author":1,"featured_media":0,"parent":0,"menu_order":0,"comment_status":"closed","ping_status":"closed","template":"","meta":{"footnotes":""},"class_list":["post-12","page","type-page","status-publish","hentry"],"_links":{"self":[{"href":"https:\/\/etudiant16.webuco.fr\/index.php\/wp-json\/wp\/v2\/pages\/12","targetHints":{"allow":["GET"]}}],"collection":[{"href":"https:\/\/etudiant16.webuco.fr\/index.php\/wp-json\/wp\/v2\/pages"}],"about":[{"href":"https:\/\/etudiant16.webuco.fr\/index.php\/wp-json\/wp\/v2\/types\/page"}],"author":[{"embeddable":true,"href":"https:\/\/etudiant16.webuco.fr\/index.php\/wp-json\/wp\/v2\/users\/1"}],"replies":[{"embeddable":true,"href":"https:\/\/etudiant16.webuco.fr\/index.php\/wp-json\/wp\/v2\/comments?post=12"}],"version-history":[{"count":5,"href":"https:\/\/etudiant16.webuco.fr\/index.php\/wp-json\/wp\/v2\/pages\/12\/revisions"}],"predecessor-version":[{"id":133,"href":"https:\/\/etudiant16.webuco.fr\/index.php\/wp-json\/wp\/v2\/pages\/12\/revisions\/133"}],"wp:attachment":[{"href":"https:\/\/etudiant16.webuco.fr\/index.php\/wp-json\/wp\/v2\/media?parent=12"}],"curies":[{"name":"wp","href":"https:\/\/api.w.org\/{rel}","templated":true}]}}